{"id":2278,"date":"2018-07-26T18:20:36","date_gmt":"2018-07-26T16:20:36","guid":{"rendered":"http:\/\/manjanidental.com\/?page_id=2278"},"modified":"2019-07-18T21:30:54","modified_gmt":"2019-07-18T20:30:54","slug":"protesi-totale-fissa-in-ceramica-4990-e","status":"publish","type":"page","link":"https:\/\/manjanidental.com\/sq\/protesi-totale-fissa-in-ceramica-4990-e\/","title":{"rendered":"PROTEZA FIKSE N\u00cb QERAMIK\u00cb 4990 \u20ac"},"content":{"rendered":"<p><a href=\"http:\/\/bestgrammarchecker.net\/plagiarism-checker\">check my plagiarism<\/a><a href=\"https:\/\/essayonlineservice.org\/\">essay writing service<\/a><a href=\"https:\/\/expert-writers.net\/\">essay writers<\/a><a href=\"http:\/\/bestgrammarchecker.net\/\">bestgrammarchecker net<\/a><a href=\"http:\/\/speedmymac.com\/\">speed my mac<\/a>[vc_row][vc_column width=&#8221;1\/3&#8243;]<div class=\"ult-content-box-container boxi234\" >\t\t<div class=\"ult-content-box\" style=\"box-shadow: px px px px none;-webkit-transition: all 700ms ease;-moz-transition: all 700ms ease;-ms-transition: all 700ms ease;-o-transition: all 700ms ease;transition: all 700ms ease;\"  data-hover_box_shadow=\"none\"    >[vc_single_image image=&#8221;2268&#8243; img_size=&#8221;full&#8221;][vc_column_text css=&#8221;.vc_custom_1532613634477{padding-right: 20px !important;padding-left: 20px !important;}&#8221;]<\/p>\n<h4>Kurora qeramike<\/h4>\n<p>Kuror\u00eb qeramik\u00eb duke filluar nga 150 euro. &#8216;Udh\u00ebtimi p\u00ebr nj\u00eb buz\u00ebqeshje t\u00eb p\u00ebrsosur&#8217; \u00ebsht\u00eb n\u00eb gjendje t&#8217;ju ofroj\u00eb kurora dentare profesionale t\u00eb b\u00ebra me kujdes n\u00eb laboratorin ton\u00eb dentar[\/vc_column_text]\t\t<\/div><\/div>[\/vc_column][vc_column width=&#8221;1\/3&#8243;]<div class=\"ult-content-box-container boxi234\" >\t\t<div class=\"ult-content-box\" style=\"box-shadow: px px px px none;-webkit-transition: all 700ms ease;-moz-transition: all 700ms ease;-ms-transition: all 700ms ease;-o-transition: all 700ms ease;transition: all 700ms ease;\"  data-hover_box_shadow=\"none\"    >[vc_single_image image=&#8221;2268&#8243; img_size=&#8221;full&#8221;][vc_column_text css=&#8221;.vc_custom_1532613723732{padding-right: 20px !important;padding-left: 20px !important;}&#8221;]<\/p>\n<h4>Kirurgji estetike<\/h4>\n<p>P\u00ebr t\u00eb pasur nj\u00eb fytyr\u00eb t\u00eb p\u00ebrsosur, t\u00eb re dhe t\u00ebrheq\u00ebse, ne ju ofrojm\u00eb trajtime bukurie t\u00eb tilla si mbush\u00ebs me acid hialuronik, botox, kirurgji bikatektomi etj. T\u00eb gjitha me nj\u00eb kosto minimale dhe me materiale me cil\u00ebsi t\u00eb lart\u00eb![\/vc_column_text]\t\t<\/div><\/div>[\/vc_column][vc_column width=&#8221;1\/3&#8243;]<div class=\"ult-content-box-container boxi234\" >\t\t<div class=\"ult-content-box\" style=\"box-shadow: px px px px none;-webkit-transition: all 700ms ease;-moz-transition: all 700ms ease;-ms-transition: all 700ms ease;-o-transition: all 700ms ease;transition: all 700ms ease;\"  data-hover_box_shadow=\"none\"    >[vc_single_image image=&#8221;2270&#8243; img_size=&#8221;full&#8221;][vc_column_text css=&#8221;.vc_custom_1532613794929{padding-right: 20px !important;padding-left: 20px !important;}&#8221;]<\/p>\n<h4>Q\u00ebndrimi falas<\/h4>\n<p>Pas mb\u00ebrritjes tuaj do t\u00eb gjeni nj\u00eb person p\u00ebrgjegj\u00ebs (q\u00eb flet italisht) duke pritur p\u00ebr ju n\u00eb aeroport.[\/vc_column_text]\t\t<\/div><\/div>[\/vc_column][\/vc_row][vc_row][vc_column][vc_empty_space height=&#8221;70px&#8221;][\/vc_column][\/vc_row][vc_row][vc_column]<div id=\"ultib3-29530278969ef8bdd5a73a\" class=\" ultb3-box ult-adjust-bottom-margin  \" style=\"\"><div class=\"ultb3-box-overlay\" style=\"background:rgba(0,0,0,0.46);\"><\/div><img decoding=\"async\" src=\"https:\/\/manjanidental.com\/wp-content\/uploads\/2018\/07\/Glenbrook-apartments.jpg\" style=\"\" class=\"ultb3-img ultb3-img-top-center\" alt=\"null\"\/><div id=\"Info-banner-wrap2697\" class=\"ultb3-info ib3-info-center\" data-animation=\"\" data-animation-delay=\"03\"><div class=\"ultb3-title ult-responsive\"  data-ultimate-target='#Info-banner-wrap2697 .ultb3-title'  data-responsive-json-new='{\"font-size\":\"\",\"line-height\":\"\"}'  style=\"font-weight:normal;color:#ffffff;\"> Udh\u00ebtoni p\u00ebr nj\u00eb buz\u00ebqeshje t\u00eb p\u00ebrsosur.<\/div><div class=\"ultb3-desc ult-responsive\"  data-ultimate-target='#Info-banner-wrap2697 .ultb3-desc'  data-responsive-json-new='{\"font-size\":\"\",\"line-height\":\"\"}'  style=\"font-weight:normal;color:#ffffff;\">Kurseni deri n\u00eb 70% n\u00eb kujdesin tuaj dentar pa sakrifikuar cil\u00ebsin\u00eb dhe profesionalizmin!<br \/>\nP\u00ebr nj\u00eb buz\u00ebqeshje m\u00eb t\u00eb mir\u00eb dhe me kosto t\u00eb ul\u00ebt t\u00eb kujdesit dentar dhe me nj\u00eb cil\u00ebsi t\u00eb lart\u00eb t\u00eb sh\u00ebrbimit dhe materialeve t\u00eb p\u00ebrdorura, mjafton t\u00eb kap\u00ebrceni Adriatikun.<br \/>\nJu ftojm\u00eb t\u00eb vizitoni Shqip\u00ebrin\u00eb dhe t\u00eb kurseni 70% mbi kujdesin dentar duke p\u00ebrfituar nga sh\u00ebrbimi m\u00eb i mir\u00eb dentar me materiale dhe pajisje t\u00eb certifikuara me cil\u00ebsi t\u00eb lart\u00eb. Ekipi yn\u00eb i specialist\u00ebve ju ofron nj\u00eb sh\u00ebrbim t\u00eb plot\u00eb p\u00ebr t\u00eb gjitha problemet orale.<br \/>\nStafi yn\u00eb p\u00ebrfshin specialist\u00eb nga t\u00eb gjitha deg\u00ebt e stomatologjis\u00eb duke p\u00ebrfshir\u00eb kirurgjin\u00eb orale dhe implantologjin\u00eb.<br \/>\nUdh\u00ebtoni p\u00ebr t\u00eb zbuluar nj\u00eb vend t\u00eb ri, nj\u00eb kultur\u00eb t\u00eb re dhe nj\u00eb buz\u00ebqeshje t\u00eb p\u00ebrsosur!<br \/>\nBuz\u00ebqeshja juaj ju pret k\u00ebtu n\u00eb vendin e shqiponjave!<\/div><\/div><\/div><style>\r\n\t\t\t\t\t#ultib3-29530278969ef8bdd5a73a {\r\n\t\t\t\t\t\tmin-height:50px;\r\n\t\t\t\t\t}\r\n\t\t\t\t\t#ultib3-29530278969ef8bdd5a73a img.ultb3-img {\r\n\t\t\t\t\t\theight: px;\r\n\t\t\t\t\t}\r\n\t\t\t\t\t#ultib3-29530278969ef8bdd5a73a .ultb3-btn {\r\n\t\t\t\t\t\tborder:2px solid #1e73be;border-radius:50px;color:#898989;\r\n\t\t\t\t\t}\r\n\t\t\t\t\t#ultib3-29530278969ef8bdd5a73a .ultb3-btn:hover {\r\n\t\t\t\t\t\tbackground:#1e73be;color:#ffffff;\r\n\t\t\t\t\t}\r\n\t\t\t\t<\/style>[\/vc_column][\/vc_row][vc_row][vc_column][vc_column_text]<\/p>\n<h3>AVANTAZHET<\/h3>\n<p>[\/vc_column_text][vc_row_inner][vc_column_inner width=&#8221;1\/3&#8243;]<div class=\"aio-icon-component    style_1\"><div id=\"Info-box-wrap-9268\" class=\"aio-icon-box default-icon\" style=\"\"  ><div class=\"aio-icon-default\"><div class=\"ult-just-icon-wrapper  \"><div class=\"align-icon\" style=\"text-align:center;\">\n<div class=\"aio-icon none \"  style=\"color:#0d8c74;font-size:32px;display:inline-block;\">\n\t<i class=\"Defaults-check\"><\/i>\n<\/div><\/div><\/div><\/div><div class=\"aio-icon-header\" ><h3 class=\"aio-icon-title ult-responsive\"  data-ultimate-target='#Info-box-wrap-9268 .aio-icon-title'  data-responsive-json-new='{\"font-size\":\"\",\"line-height\":\"\"}'  style=\"\"> M\u00cb SHUM\u00cb STABILITET<\/h3><\/div> <!-- header --><div class=\"aio-icon-description ult-responsive\"  data-ultimate-target='#Info-box-wrap-9268 .aio-icon-description'  data-responsive-json-new='{\"font-size\":\"\",\"line-height\":\"\"}'  style=\"\">8 implantet dentare n\u00eb titan, krahasuar me 4 n\u00eb All on four dhe 6 ne All on six. Rezultati? Ndryshe nga kjo e fundit, implantet tona sigurojn\u00eb protez\u00eb me stabilitet m\u00eb t\u00eb madh gjat\u00eb viteve.<\/div> <!-- description --><\/div> <!-- aio-icon-box --><\/div> <!-- aio-icon-component -->[\/vc_column_inner][vc_column_inner width=&#8221;1\/3&#8243;]<div class=\"aio-icon-component    style_1\"><div id=\"Info-box-wrap-2583\" class=\"aio-icon-box default-icon\" style=\"\"  ><div class=\"aio-icon-default\"><div class=\"ult-just-icon-wrapper  \"><div class=\"align-icon\" style=\"text-align:center;\">\n<div class=\"aio-icon none \"  style=\"color:#0d8c74;font-size:32px;display:inline-block;\">\n\t<i class=\"Defaults-check\"><\/i>\n<\/div><\/div><\/div><\/div><div class=\"aio-icon-header\" ><h3 class=\"aio-icon-title ult-responsive\"  data-ultimate-target='#Info-box-wrap-2583 .aio-icon-title'  data-responsive-json-new='{\"font-size\":\"\",\"line-height\":\"\"}'  style=\"\">LAMTUMIR\u00cb BUZ\u00cbQESHJE QESHARAKE<\/h3><\/div> <!-- header --><div class=\"aio-icon-description ult-responsive\"  data-ultimate-target='#Info-box-wrap-2583 .aio-icon-description'  data-responsive-json-new='{\"font-size\":\"\",\"line-height\":\"\"}'  style=\"\">\u00cbsht\u00eb e pamundur t\u00eb rrish pa nj\u00eb protez\u00eb fikse t\u00eb p\u00ebrgjithshme n\u00eb rast t\u00eb edentulizmit t\u00eb dh\u00ebmb\u00ebve (mungesa e dh\u00ebmb\u00ebve). A ka gj\u00eb m\u00eb t\u00eb turpshme, sidomos gjat\u00eb nj\u00eb fotografie n\u00eb grup? Fal\u00eb implantit ton\u00eb, do t\u00eb keni dh\u00ebmb\u00eb t\u00eb p\u00ebrsosur dhe do t\u00eb mund t\u00eb buz\u00ebqeshni pa frik\u00eb.<\/div> <!-- description --><\/div> <!-- aio-icon-box --><\/div> <!-- aio-icon-component -->[\/vc_column_inner][vc_column_inner width=&#8221;1\/3&#8243;]<div class=\"aio-icon-component    style_1\"><div id=\"Info-box-wrap-5932\" class=\"aio-icon-box default-icon\" style=\"\"  ><div class=\"aio-icon-default\"><div class=\"ult-just-icon-wrapper  \"><div class=\"align-icon\" style=\"text-align:center;\">\n<div class=\"aio-icon none \"  style=\"color:#0d8c74;font-size:32px;display:inline-block;\">\n\t<i class=\"Defaults-check\"><\/i>\n<\/div><\/div><\/div><\/div><div class=\"aio-icon-header\" ><h3 class=\"aio-icon-title ult-responsive\"  data-ultimate-target='#Info-box-wrap-5932 .aio-icon-title'  data-responsive-json-new='{\"font-size\":\"\",\"line-height\":\"\"}'  style=\"\">ULU ME QEJF N\u00cb TAVOLIN\u00cb<\/h3><\/div> <!-- header --><div class=\"aio-icon-description ult-responsive\"  data-ultimate-target='#Info-box-wrap-5932 .aio-icon-description'  data-responsive-json-new='{\"font-size\":\"\",\"line-height\":\"\"}'  style=\"\">Me vet\u00ebm disa dh\u00ebmb\u00eb \u00ebsht\u00eb pothuajse e pamundur t\u00eb p\u00ebrtyp\u00ebsh mir\u00eb. P\u00ebr fat t\u00eb keq, ushqimet q\u00eb nuk jan\u00eb p\u00ebrtypur koh\u00eb t\u00eb mjaftueshme mund t\u00eb shkaktojn\u00eb probleme me sistemin e tretjes. Fal\u00eb implantit tuaj t\u00eb ri, ju mund t\u00eb ktheheni p\u00ebr t&#8217;u ulur n\u00eb tryez\u00eb me g\u00ebzim.<\/div> <!-- description --><\/div> <!-- aio-icon-box --><\/div> <!-- aio-icon-component -->[\/vc_column_inner][\/vc_row_inner][vc_row_inner][vc_column_inner width=&#8221;1\/3&#8243;]<div class=\"aio-icon-component    style_1\"><div id=\"Info-box-wrap-3831\" class=\"aio-icon-box default-icon\" style=\"\"  ><div class=\"aio-icon-default\"><div class=\"ult-just-icon-wrapper  \"><div class=\"align-icon\" style=\"text-align:center;\">\n<div class=\"aio-icon none \"  style=\"color:#0d8c74;font-size:32px;display:inline-block;\">\n\t<i class=\"Defaults-check\"><\/i>\n<\/div><\/div><\/div><\/div><div class=\"aio-icon-header\" ><h3 class=\"aio-icon-title ult-responsive\"  data-ultimate-target='#Info-box-wrap-3831 .aio-icon-title'  data-responsive-json-new='{\"font-size\":\"\",\"line-height\":\"\"}'  style=\"\">FOL LIRSH\u00cbM <\/h3><\/div> <!-- header --><div class=\"aio-icon-description ult-responsive\"  data-ultimate-target='#Info-box-wrap-3831 .aio-icon-description'  data-responsive-json-new='{\"font-size\":\"\",\"line-height\":\"\"}'  style=\"\">Mungesa e dh\u00ebmb\u00ebve mund t\u00eb kompromentoj\u00eb pozicionin e gjuh\u00ebs, duke shkaktuar nj\u00eb artikulim t\u00eb pasakt\u00eb t\u00eb fjal\u00ebve.<\/div> <!-- description --><\/div> <!-- aio-icon-box --><\/div> <!-- aio-icon-component -->[\/vc_column_inner][vc_column_inner width=&#8221;1\/3&#8243;]<div class=\"aio-icon-component    style_1\"><div id=\"Info-box-wrap-1646\" class=\"aio-icon-box default-icon\" style=\"\"  ><div class=\"aio-icon-default\"><div class=\"ult-just-icon-wrapper  \"><div class=\"align-icon\" style=\"text-align:center;\">\n<div class=\"aio-icon none \"  style=\"color:#0d8c74;font-size:32px;display:inline-block;\">\n\t<i class=\"Defaults-check\"><\/i>\n<\/div><\/div><\/div><\/div><div class=\"aio-icon-header\" ><h3 class=\"aio-icon-title ult-responsive\"  data-ultimate-target='#Info-box-wrap-1646 .aio-icon-title'  data-responsive-json-new='{\"font-size\":\"\",\"line-height\":\"\"}'  style=\"\">ASNJ\u00cb DHIMBJE<\/h3><\/div> <!-- header --><div class=\"aio-icon-description ult-responsive\"  data-ultimate-target='#Info-box-wrap-1646 .aio-icon-description'  data-responsive-json-new='{\"font-size\":\"\",\"line-height\":\"\"}'  style=\"\">P\u00ebrve\u00e7se efektive, nd\u00ebrhyrja jon\u00eb do t\u00eb p\u00ebrfundoj\u00eb me mosinvazivitetin, si rezultat, do ket\u00eb pak ose aspak dhimbje.<\/div> <!-- description --><\/div> <!-- aio-icon-box --><\/div> <!-- aio-icon-component -->[\/vc_column_inner][vc_column_inner width=&#8221;1\/3&#8243;][\/vc_column_inner][\/vc_row_inner][\/vc_column][\/vc_row][vc_row full_width=&#8221;stretch_row&#8221; bg_type=&#8221;bg_color&#8221; css=&#8221;.vc_custom_1529663290000{margin-top: 50px !important;margin-bottom: 0px !important;padding-top: 40px !important;padding-bottom: 40px !important;}&#8221; bg_color_value=&#8221;#0d8c74&#8243;][vc_column width=&#8221;2\/3&#8243;]<div class=\"stronghold-info-icon-wrapper\" \"><div class=\"stronghold-info-icon\" style=\"float: left; width: 15%; padding-right:10px;\"><i class=\" icon-cleaned-tooth\" style=\"font-size:50px; color:#ffffff;\"><\/i><\/div><div class=\"stronghold-info-icon-content\" style=\"float: left; width: 80%; text-align: left; padding: 20px 0;\"><div class=\"stronghold-info-icon-title\"><h3 style=\"color:#ffffff;\">SA VLEN BUZ\u00cbQESHJA JUAJ<\/h3><\/div><div class=\"stronghold-info-icon-desc\"><div style=\" color:#ffffff;\">Gjeni QET\u00cbSIN\u00cb, zgjidhni 'Udh\u00ebtoni p\u00ebr nj\u00eb buz\u00ebqeshje t\u00eb p\u00ebrsosur.' <\/div><\/div><\/div><\/div>[\/vc_column][vc_column width=&#8221;1\/3&#8243; offset=&#8221;vc_col-lg-4 vc_col-md-12 vc_col-xs-12&#8243;][vc_empty_space height=&#8221;20px&#8221;][vc_btn title=&#8221; NA KONTAKTONI&#8221; style=&#8221;outline&#8221; shape=&#8221;square&#8221; color=&#8221;white&#8221; align=&#8221;center&#8221; link=&#8221;url:http%3A%2F%2Fmanjanidental.com%2Fcontatti%2F|||&#8221;][\/vc_column][\/vc_row] <\/script><a href=\"https:\/\/grademiners.com\/\">resume writer<\/a><a href=\"http:\/\/customessaysonline.org\/\">buy custom essays<\/a><a href=\"https:\/\/grademiners.com\/plagiarism-checker\">plagiarism checker<\/a><a href=\"https:\/\/essayonlineservice.org\/\">write essay online<\/a><\/p>\n","protected":false},"excerpt":{"rendered":"<p>check my plagiarismessay writing serviceessay writersbestgrammarchecker netspeed my mac[vc_row][vc_column width=&#8221;1\/3&#8243;][\/vc_column][vc_column width=&#8221;1\/3&#8243;][\/vc_column][vc_column width=&#8221;1\/3&#8243;][\/vc_column][\/vc_row][vc_row][vc_column][vc_empty_space height=&#8221;70px&#8221;][\/vc_column][\/vc_row][vc_row][vc_column][\/vc_column][\/vc_row][vc_row][vc_column][vc_column_text] AVANTAZHET [\/vc_column_text][vc_row_inner][vc_column_inner width=&#8221;1\/3&#8243;][\/vc_column_inner][vc_column_inner width=&#8221;1\/3&#8243;][\/vc_column_inner][vc_column_inner width=&#8221;1\/3&#8243;][\/vc_column_inner][\/vc_row_inner][vc_row_inner][vc_column_inner width=&#8221;1\/3&#8243;][\/vc_column_inner][vc_column_inner width=&#8221;1\/3&#8243;][\/vc_column_inner][vc_column_inner width=&#8221;1\/3&#8243;][\/vc_column_inner][\/vc_row_inner][\/vc_column][\/vc_row][vc_row full_width=&#8221;stretch_row&#8221; bg_type=&#8221;bg_color&#8221; css=&#8221;.vc_custom_1529663290000{margin-top: 50px !important;margin-bottom: 0px !important;padding-top: 40px !important;padding-bottom: 40px !important;}&#8221; bg_color_value=&#8221;#0d8c74&#8243;][vc_column width=&#8221;2\/3&#8243;][\/vc_column][vc_column width=&#8221;1\/3&#8243; offset=&#8221;vc_col-lg-4 vc_col-md-12 vc_col-xs-12&#8243;][vc_empty_space height=&#8221;20px&#8221;][vc_btn title=&#8221; NA KONTAKTONI&#8221; style=&#8221;outline&#8221; shape=&#8221;square&#8221; color=&#8221;white&#8221; align=&#8221;center&#8221; link=&#8221;url:http%3A%2F%2Fmanjanidental.com%2Fcontatti%2F|||&#8221;][\/vc_column][\/vc_row] resume writerbuy custom essaysplagiarism checkerwrite essay online<\/p>\n","protected":false},"author":3,"featured_media":0,"parent":0,"menu_order":0,"comment_status":"closed","ping_status":"closed","template":"","meta":{"footnotes":""},"class_list":["post-2278","page","type-page","status-publish","hentry"],"_links":{"self":[{"href":"https:\/\/manjanidental.com\/sq\/wp-json\/wp\/v2\/pages\/2278\/"}],"collection":[{"href":"https:\/\/manjanidental.com\/sq\/wp-json\/wp\/v2\/pages\/"}],"about":[{"href":"https:\/\/manjanidental.com\/sq\/wp-json\/wp\/v2\/types\/page\/"}],"author":[{"embeddable":true,"href":"https:\/\/manjanidental.com\/sq\/wp-json\/wp\/v2\/users\/3\/"}],"replies":[{"embeddable":true,"href":"https:\/\/manjanidental.com\/sq\/wp-json\/wp\/v2\/comments\/?post=2278"}],"version-history":[{"count":18,"href":"https:\/\/manjanidental.com\/sq\/wp-json\/wp\/v2\/pages\/2278\/revisions\/"}],"predecessor-version":[{"id":11006,"href":"https:\/\/manjanidental.com\/sq\/wp-json\/wp\/v2\/pages\/2278\/revisions\/11006\/"}],"wp:attachment":[{"href":"https:\/\/manjanidental.com\/sq\/wp-json\/wp\/v2\/media\/?parent=2278"}],"curies":[{"name":"wp","href":"https:\/\/api.w.org\/{rel}","templated":true}]}}