{"id":2032,"date":"2018-06-29T12:53:16","date_gmt":"2018-06-29T12:53:16","guid":{"rendered":"http:\/\/dental.balkansexperience.com\/?page_id=2032"},"modified":"2018-08-22T08:21:40","modified_gmt":"2018-08-22T08:21:40","slug":"galeria","status":"publish","type":"page","link":"https:\/\/manjanidental.com\/sq\/galeria\/","title":{"rendered":"Galeria"},"content":{"rendered":"<p>[vc_row][vc_column][vc_media_grid grid_id=&#8221;vc_gid:1534957788854-cb8e3eff-c525-3&#8243; include=&#8221;2402,2406,2408,2173,2179,2175,2176,2181,2171&#8243;][\/vc_column][\/vc_row][vc_row full_width=&#8221;stretch_row&#8221; bg_type=&#8221;bg_color&#8221; css=&#8221;.vc_custom_1529663290000{margin-top: 50px !important;margin-bottom: 0px !important;padding-top: 40px !important;padding-bottom: 40px !important;}&#8221; bg_color_value=&#8221;#0d8c74&#8243;][vc_column width=&#8221;2\/3&#8243;]<div class=\"stronghold-info-icon-wrapper\" \"><div class=\"stronghold-info-icon\" style=\"float: left; width: 15%; padding-right:10px;\"><i class=\" icon-cleaned-tooth\" style=\"font-size:50px; color:#ffffff;\"><\/i><\/div><div class=\"stronghold-info-icon-content\" style=\"float: left; width: 80%; text-align: left; padding: 20px 0;\"><div class=\"stronghold-info-icon-title\"><h3 style=\"color:#ffffff;\"> Ndrysho buz\u00ebqeshjen t\u00ebnde!<\/h3><\/div><div class=\"stronghold-info-icon-desc\"><div style=\" color:#ffffff;\">Gjithkush e di se nj\u00eb buz\u00ebqeshje e bukur \u00ebsht\u00eb e r\u00ebnd\u00ebsishme p\u00ebr imazhin tuaj publik dhe vet\u00ebvler\u00ebsimin tuaj. Ekipi yn\u00eb i ekspert\u00ebve \u00ebsht\u00eb i angazhuar q\u00eb t'ju ofroj\u00eb nj\u00eb buz\u00ebqeshje t\u00eb sh\u00ebndetshme dhe t\u00eb bukur.  <\/div><\/div><\/div><\/div>[\/vc_column][vc_column width=&#8221;1\/3&#8243; offset=&#8221;vc_col-lg-4 vc_col-md-12 vc_col-xs-12&#8243;][vc_empty_space height=&#8221;20px&#8221;][vc_btn title=&#8221; LER NJ\u00cb TAKIM&#8221; style=&#8221;outline&#8221; shape=&#8221;square&#8221; color=&#8221;white&#8221; align=&#8221;center&#8221; link=&#8221;url:http%3A%2F%2Fmanjanidental.com%2Fsq%2Ftakim%2F|||&#8221;][\/vc_column][\/vc_row] <\/script><\/p>\n","protected":false},"excerpt":{"rendered":"<p>[vc_row][vc_column][vc_media_grid grid_id=&#8221;vc_gid:1534957788854-cb8e3eff-c525-3&#8243; include=&#8221;2402,2406,2408,2173,2179,2175,2176,2181,2171&#8243;][\/vc_column][\/vc_row][vc_row full_width=&#8221;stretch_row&#8221; bg_type=&#8221;bg_color&#8221; css=&#8221;.vc_custom_1529663290000{margin-top: 50px !important;margin-bottom: 0px !important;padding-top: 40px !important;padding-bottom: 40px !important;}&#8221; bg_color_value=&#8221;#0d8c74&#8243;][vc_column width=&#8221;2\/3&#8243;][\/vc_column][vc_column width=&#8221;1\/3&#8243; offset=&#8221;vc_col-lg-4 vc_col-md-12 vc_col-xs-12&#8243;][vc_empty_space height=&#8221;20px&#8221;][vc_btn title=&#8221; LER NJ\u00cb TAKIM&#8221; style=&#8221;outline&#8221; shape=&#8221;square&#8221; color=&#8221;white&#8221; align=&#8221;center&#8221; link=&#8221;url:http%3A%2F%2Fmanjanidental.com%2Fsq%2Ftakim%2F|||&#8221;][\/vc_column][\/vc_row]<\/p>\n","protected":false},"author":3,"featured_media":0,"parent":0,"menu_order":0,"comment_status":"closed","ping_status":"closed","template":"","meta":{"footnotes":""},"class_list":["post-2032","page","type-page","status-publish","hentry"],"_links":{"self":[{"href":"https:\/\/manjanidental.com\/sq\/wp-json\/wp\/v2\/pages\/2032\/"}],"collection":[{"href":"https:\/\/manjanidental.com\/sq\/wp-json\/wp\/v2\/pages\/"}],"about":[{"href":"https:\/\/manjanidental.com\/sq\/wp-json\/wp\/v2\/types\/page\/"}],"author":[{"embeddable":true,"href":"https:\/\/manjanidental.com\/sq\/wp-json\/wp\/v2\/users\/3\/"}],"replies":[{"embeddable":true,"href":"https:\/\/manjanidental.com\/sq\/wp-json\/wp\/v2\/comments\/?post=2032"}],"version-history":[{"count":9,"href":"https:\/\/manjanidental.com\/sq\/wp-json\/wp\/v2\/pages\/2032\/revisions\/"}],"predecessor-version":[{"id":2409,"href":"https:\/\/manjanidental.com\/sq\/wp-json\/wp\/v2\/pages\/2032\/revisions\/2409\/"}],"wp:attachment":[{"href":"https:\/\/manjanidental.com\/sq\/wp-json\/wp\/v2\/media\/?parent=2032"}],"curies":[{"name":"wp","href":"https:\/\/api.w.org\/{rel}","templated":true}]}}