{"id":2022,"date":"2018-06-29T10:26:54","date_gmt":"2018-06-29T10:26:54","guid":{"rendered":"http:\/\/dental.balkansexperience.com\/?page_id=2022"},"modified":"2018-07-26T12:00:34","modified_gmt":"2018-07-26T12:00:34","slug":"si-te-mberrini","status":"publish","type":"page","link":"https:\/\/manjanidental.com\/sq\/si-te-mberrini\/","title":{"rendered":"Si t\u00eb mb\u00ebrrini"},"content":{"rendered":"<p>[vc_row][vc_column][vc_column_text]<\/p>\n<h3>FLUTIRIME DIREKT P\u00cbR TIRAN\u00cb NGA QYTETET M\u00cb T\u00cb M\u00cbDHA\u00a0 ITALIANE<\/h3>\n<p style=\"text-align: left;\">Ju do t\u00eb kurseni koh\u00eb dhe para fal\u00eb \u00a0<a href=\"http:\/\/www.volilowcost.it\/\">fluturimeve me \u00e7mime t\u00eb ul\u00ebta<\/a> direkt n\u00eb\u00a0<a href=\"http:\/\/it.wikipedia.org\/wiki\/Tirana\">Tiran\u00eb<\/a>.<\/p>\n<p style=\"text-align: left;\">SHEMBUJ?<\/p>\n<p>[\/vc_column_text][\/vc_column][\/vc_row][vc_row][vc_column width=&#8221;1\/3&#8243;][vc_column_text]<\/p>\n<p style=\"text-align: left;\">Rom\u00eb \u2013 Tiran\u00eb<br \/>\nKompani ajrore (Fluturime direkte)<br \/>\nFLY ALBANIA\u00a0<a href=\"http:\/\/flyalbania.eu\/it\/\">www.flyalbania.eu\/it<\/a><br \/>\nBLU EXPRESS\u00a0<a href=\"http:\/\/www.blu-express.com\/it\/index.html\">www.blu-express.com\/it\/index.html<\/a><br \/>\nALITALIA\u00a0<a href=\"http:\/\/www.alitalia.com\/it_it\/\">www.alitalia.com<\/a><\/p>\n<p style=\"text-align: left;\">TARIFAT (Ilustruese)<br \/>\n-115 euro VAJTJE\/ARDHJE (Mars);<br \/>\n-135 euro VAJTJE\/ARDHJE (Shkurt);<br \/>\n-185 euro VAJTJE\/ARDHJE (Janar).<\/p>\n<p>[\/vc_column_text][\/vc_column][vc_column width=&#8221;2\/3&#8243;][vc_single_image image=&#8221;2256&#8243; img_size=&#8221;full&#8221;][\/vc_column][\/vc_row][vc_row][vc_column][vc_separator color=&#8221;custom&#8221; accent_color=&#8221;#5b8c81&#8243;][\/vc_column][\/vc_row][vc_row][vc_column width=&#8221;1\/3&#8243;][vc_column_text]<\/p>\n<p style=\"text-align: left;\">Milano \u2013 Tiran\u00eb<br \/>\nKompani ajrore (Fluturime direkte)<br \/>\nMERIDIANA\u00a0<a href=\"https:\/\/www.meridiana.it\/\">www.meridiana.it<\/a><br \/>\nBLU EXPRESS\u00a0<a href=\"http:\/\/www.blu-express.com\/it\/index.html\">www.blu-express.com\/it\/index.html<\/a><br \/>\nAIR ONE\u00a0<a href=\"https:\/\/flyairone.com\/\">www.flyairone.com<\/a><br \/>\nFLY ALBANIA\u00a0<a href=\"http:\/\/flyalbania.eu\/it\/\">www.flyalbania.eu\/it<\/a><\/p>\n<p style=\"text-align: left;\">TARIFAT (Ilustruese)<br \/>\n-71 euro VAJTJE\/ARDHJE (Mars);<br \/>\n-136 euro VAJTJE\/ARDHJE (Shkurt);<br \/>\n-173 euro VAJTJE\/ARDHJE (Janar).<\/p>\n<p>[\/vc_column_text][\/vc_column][vc_column width=&#8221;2\/3&#8243;][vc_single_image image=&#8221;2257&#8243; img_size=&#8221;full&#8221;][\/vc_column][\/vc_row][vc_row][vc_column][vc_separator color=&#8221;custom&#8221; accent_color=&#8221;#5b8c81&#8243;][\/vc_column][\/vc_row][vc_row][vc_column width=&#8221;1\/3&#8243;][vc_column_text]<\/p>\n<p style=\"text-align: left;\">Bolonj\u00eb \u2013 Tiran\u00eb<br \/>\nKompani ajrore (Fluturime direkte)<br \/>\nAIR ONE\u00a0<a href=\"https:\/\/flyairone.com\/\">www.flyairone.com<\/a><br \/>\nFLY ALBANIA\u00a0<a href=\"http:\/\/flyalbania.eu\/it\/\">www.flyalbania.eu\/it<\/a><br \/>\nBLU EXPRESS\u00a0<a href=\"http:\/\/www.blu-express.com\/it\/index.html\">www.blu-express.com\/it\/index.html<\/a><\/p>\n<p style=\"text-align: left;\">TARIFAT (Ilustruese)<br \/>\n-110 euro VAJTJE\/ARDHJE (Mars);<br \/>\n-170 euro VAJTJE\/ARDHJE (Shkurt);<br \/>\n-210 euro VAJTJE\/ARDHJE (Janar).<\/p>\n<p>[\/vc_column_text][\/vc_column][vc_column width=&#8221;2\/3&#8243;][vc_single_image image=&#8221;2258&#8243; img_size=&#8221;full&#8221;][\/vc_column][\/vc_row][vc_row][vc_column][vc_separator color=&#8221;custom&#8221; accent_color=&#8221;#5b8c81&#8243;][\/vc_column][\/vc_row][vc_row][vc_column width=&#8221;1\/3&#8243;][vc_column_text]Bari \u2013 Tiran\u00eb<br \/>\nKompani ajrore (Fluturime direkte)<br \/>\nALITALIA\u00a0www.alitalia.com<\/p>\n<p>TARIFAT (Ilustruese)<br \/>\n-120 euro VAJTJE\/ARDHJE (Mars);<br \/>\n-122 euro VAJTJE\/ARDHJE (Shkurt);<br \/>\n-115 euro VAJTJE\/ARDHJE (Janar).[\/vc_column_text][\/vc_column][vc_column width=&#8221;2\/3&#8243;][vc_single_image image=&#8221;2259&#8243; img_size=&#8221;full&#8221;][\/vc_column][\/vc_row][vc_row][vc_column][vc_column_text]<\/p>\n<h4><span style=\"color: #0d8c74;\">* \u00c7mimet ajrore t\u00eb paraqitura k\u00ebtu jan\u00eb ilustruese dhe mund t\u00eb ndryshojn\u00eb nga dita n\u00eb dit\u00eb. P\u00ebr k\u00ebt\u00eb arsye, Manjani Dental\u00a0 fton klient\u00ebt t\u00eb konsultohen n\u00eb m\u00ebnyr\u00eb t\u00eb pavarur.<\/span><\/h4>\n<p>[\/vc_column_text][\/vc_column][\/vc_row][vc_row full_width=&#8221;stretch_row&#8221; bg_type=&#8221;bg_color&#8221; css=&#8221;.vc_custom_1529663290000{margin-top: 50px !important;margin-bottom: 0px !important;padding-top: 40px !important;padding-bottom: 40px !important;}&#8221; bg_color_value=&#8221;#0d8c74&#8243;][vc_column width=&#8221;2\/3&#8243;]<div class=\"stronghold-info-icon-wrapper\" \"><div class=\"stronghold-info-icon\" style=\"float: left; width: 15%; padding-right:10px;\"><i class=\" icon-cleaned-tooth\" style=\"font-size:50px; color:#ffffff;\"><\/i><\/div><div class=\"stronghold-info-icon-content\" style=\"float: left; width: 80%; text-align: left; padding: 20px 0;\"><div class=\"stronghold-info-icon-title\"><h3 style=\"color:#ffffff;\"> Ndrysho buz\u00ebqeshjen t\u00ebnde!<\/h3><\/div><div class=\"stronghold-info-icon-desc\"><div style=\" color:#ffffff;\">Gjithkush e di se nj\u00eb buz\u00ebqeshje e bukur \u00ebsht\u00eb e r\u00ebnd\u00ebsishme p\u00ebr imazhin tuaj publike dhe vet\u00ebvler\u00ebsimin tuaj. Ekipi yn\u00eb i ekspert\u00ebve \u00ebsht\u00eb i angazhuar q\u00eb t'ju ofroj\u00eb nj\u00eb buz\u00ebqeshje t\u00eb sh\u00ebndetshme dhe t\u00eb bukur. <\/div><\/div><\/div><\/div>[\/vc_column][vc_column width=&#8221;1\/3&#8243; offset=&#8221;vc_col-lg-4 vc_col-md-12 vc_col-xs-12&#8243;][vc_empty_space height=&#8221;20px&#8221;][vc_btn title=&#8221;LER NJ\u00cb TAKIM&#8221; style=&#8221;outline&#8221; shape=&#8221;square&#8221; color=&#8221;white&#8221; align=&#8221;center&#8221; link=&#8221;url:http%3A%2F%2Fmanjanidental.com%2Fsq%2Ftakim%2F|||&#8221;][\/vc_column][\/vc_row] <\/script><\/p>\n","protected":false},"excerpt":{"rendered":"<p>[vc_row][vc_column][vc_column_text] FLUTIRIME DIREKT P\u00cbR TIRAN\u00cb NGA QYTETET M\u00cb T\u00cb M\u00cbDHA\u00a0 ITALIANE Ju do t\u00eb kurseni koh\u00eb dhe para fal\u00eb \u00a0fluturimeve me \u00e7mime t\u00eb ul\u00ebta direkt n\u00eb\u00a0Tiran\u00eb. SHEMBUJ? [\/vc_column_text][\/vc_column][\/vc_row][vc_row][vc_column width=&#8221;1\/3&#8243;][vc_column_text] Rom\u00eb \u2013 Tiran\u00eb Kompani ajrore (Fluturime direkte) FLY ALBANIA\u00a0www.flyalbania.eu\/it BLU EXPRESS\u00a0www.blu-express.com\/it\/index.html ALITALIA\u00a0www.alitalia.com TARIFAT (Ilustruese) -115 euro VAJTJE\/ARDHJE (Mars); -135 euro VAJTJE\/ARDHJE (Shkurt); -185 euro VAJTJE\/ARDHJE (Janar). [&hellip;]<\/p>\n","protected":false},"author":3,"featured_media":0,"parent":0,"menu_order":0,"comment_status":"closed","ping_status":"closed","template":"","meta":{"footnotes":""},"class_list":["post-2022","page","type-page","status-publish","hentry"],"_links":{"self":[{"href":"https:\/\/manjanidental.com\/sq\/wp-json\/wp\/v2\/pages\/2022\/"}],"collection":[{"href":"https:\/\/manjanidental.com\/sq\/wp-json\/wp\/v2\/pages\/"}],"about":[{"href":"https:\/\/manjanidental.com\/sq\/wp-json\/wp\/v2\/types\/page\/"}],"author":[{"embeddable":true,"href":"https:\/\/manjanidental.com\/sq\/wp-json\/wp\/v2\/users\/3\/"}],"replies":[{"embeddable":true,"href":"https:\/\/manjanidental.com\/sq\/wp-json\/wp\/v2\/comments\/?post=2022"}],"version-history":[{"count":9,"href":"https:\/\/manjanidental.com\/sq\/wp-json\/wp\/v2\/pages\/2022\/revisions\/"}],"predecessor-version":[{"id":2296,"href":"https:\/\/manjanidental.com\/sq\/wp-json\/wp\/v2\/pages\/2022\/revisions\/2296\/"}],"wp:attachment":[{"href":"https:\/\/manjanidental.com\/sq\/wp-json\/wp\/v2\/media\/?parent=2022"}],"curies":[{"name":"wp","href":"https:\/\/api.w.org\/{rel}","templated":true}]}}