{"id":16045,"date":"2025-08-25T08:23:39","date_gmt":"2025-08-25T07:23:39","guid":{"rendered":"https:\/\/manjanidental.com\/?page_id=16045"},"modified":"2025-08-25T08:25:11","modified_gmt":"2025-08-25T07:25:11","slug":"privacy-policy","status":"publish","type":"page","link":"https:\/\/manjanidental.com\/sq\/privacy-policy\/","title":{"rendered":"Privacy Policy"},"content":{"rendered":"<p>[vc_row][vc_column][vc_column_text]<\/p>\n<p data-start=\"3691\" data-end=\"4007\"><strong data-start=\"3691\" data-end=\"3703\">1. Hyrje<\/strong><br data-start=\"3703\" data-end=\"3706\" \/>N\u00eb Manjani Dental, ne e vler\u00ebsojm\u00eb privat\u00ebsin\u00eb tuaj. Ky dokument p\u00ebrshkruan si mbledhim, p\u00ebrdorim, zbulojm\u00eb dhe mbrojm\u00eb t\u00eb dh\u00ebnat tuaja personale kur vizitoni faqen ton\u00eb t\u00eb internetit ose p\u00ebrdorni sh\u00ebrbimet tona. Ju lutemi lexoni me kujdes k\u00ebt\u00eb politik\u00eb p\u00ebr t\u00eb kuptuar se si trajtojm\u00eb t\u00eb dh\u00ebnat tuaja.<\/p>\n<p data-start=\"4009\" data-end=\"4128\"><strong data-start=\"4009\" data-end=\"4044\">2. Informacionet q\u00eb Ne Mbledhim<\/strong><br data-start=\"4044\" data-end=\"4047\" \/>Ne mbledhim disa lloje informacioni p\u00ebr t\u00eb ofruar dhe p\u00ebrmir\u00ebsuar sh\u00ebrbimet tona:<\/p>\n<ul data-start=\"4129\" data-end=\"4726\">\n<li data-start=\"4129\" data-end=\"4347\">\n<p data-start=\"4131\" data-end=\"4347\"><strong data-start=\"4131\" data-end=\"4175\">Informacione t\u00eb Identifikueshme Personal<\/strong>: Ky informacion p\u00ebrfshin emrin tuaj, adres\u00ebn e emailit, numrin e telefonit dhe t\u00eb dh\u00ebnat e faturimit, t\u00eb cilat i ofroni kur regjistroheni, abonoheni ose nd\u00ebrveproni me ne.<\/p>\n<\/li>\n<li data-start=\"4348\" data-end=\"4542\">\n<p data-start=\"4350\" data-end=\"4542\"><strong data-start=\"4350\" data-end=\"4370\">T\u00eb Dh\u00ebna Teknike<\/strong>: Ne mbledhim informacion rreth pajisjes suaj, p\u00ebrfshir\u00eb adres\u00ebn tuaj IP, llojin e shfletuesit, versionin, zon\u00ebn kohore dhe historikun e shfletimit kur aksesoni faqen ton\u00eb.<\/p>\n<\/li>\n<li data-start=\"4543\" data-end=\"4726\">\n<p data-start=\"4545\" data-end=\"4726\"><strong data-start=\"4545\" data-end=\"4580\">Cookies dhe Teknologji Gjurmimi<\/strong>: Ne p\u00ebrdorim cookies p\u00ebr t\u00eb gjurmuar p\u00ebrdorimin e faqes son\u00eb. Cookies na ndihmojn\u00eb t&#8217;ju ofrojm\u00eb nj\u00eb p\u00ebrvoj\u00eb m\u00eb t\u00eb mir\u00eb dhe t\u00eb p\u00ebrmir\u00ebsojm\u00eb faqen.<\/p>\n<\/li>\n<\/ul>\n<p data-start=\"4728\" data-end=\"4816\"><strong data-start=\"4728\" data-end=\"4762\">3. Si P\u00ebrdorim T\u00eb Dh\u00ebnat Tuaja<\/strong><br data-start=\"4762\" data-end=\"4765\" \/>Ne p\u00ebrdorim t\u00eb dh\u00ebnat q\u00eb mbledhim p\u00ebr k\u00ebto q\u00ebllime:<\/p>\n<ul data-start=\"4817\" data-end=\"5210\">\n<li data-start=\"4817\" data-end=\"4860\">\n<p data-start=\"4819\" data-end=\"4860\">P\u00ebr t\u00eb ofruar dhe mbajtur sh\u00ebrbimet tona.<\/p>\n<\/li>\n<li data-start=\"4861\" data-end=\"4937\">\n<p data-start=\"4863\" data-end=\"4937\">P\u00ebr t\u00eb d\u00ebrguar informacione, materiale marketingu dhe komunikata t\u00eb tjera.<\/p>\n<\/li>\n<li data-start=\"4938\" data-end=\"5019\">\n<p data-start=\"4940\" data-end=\"5019\">P\u00ebr t\u00eb p\u00ebrmir\u00ebsuar faqen ton\u00eb dhe p\u00ebr t\u2019u siguruar q\u00eb ajo funksionon si\u00e7 duhet.<\/p>\n<\/li>\n<li data-start=\"5020\" data-end=\"5120\">\n<p data-start=\"5022\" data-end=\"5120\">P\u00ebr t\u00eb personalizuar p\u00ebrvoj\u00ebn tuaj dhe p\u00ebr t\u00eb iu p\u00ebrgjigjur k\u00ebrkesave t\u00eb sh\u00ebrbimit ndaj klient\u00ebve.<\/p>\n<\/li>\n<li data-start=\"5121\" data-end=\"5210\">\n<p data-start=\"5123\" data-end=\"5210\">P\u00ebr t\u00eb p\u00ebrmbushur detyrimet ligjore, zgjidhur mosmarr\u00ebveshjet dhe zbatuar marr\u00ebveshjet.<\/p>\n<\/li>\n<\/ul>\n<p data-start=\"5212\" data-end=\"5618\"><strong data-start=\"5212\" data-end=\"5239\">4. Siguria e t\u00eb Dh\u00ebnave<\/strong><br data-start=\"5239\" data-end=\"5242\" \/>Ne angazhohemi p\u00ebr t\u00eb mbrojtur informacionin tuaj personal. P\u00ebrdorim masa sigurie fizike, teknike dhe administrative p\u00ebr t\u00eb reduktuar rreziqet e aksesit t\u00eb paautorizuar, zbuluarjes, modifikimit ose shkat\u00ebrrimit t\u00eb t\u00eb dh\u00ebnave tuaja personale. Megjithat\u00eb, ju lutemi t\u00eb keni parasysh se asnj\u00eb metod\u00eb transmetimi mbi internet ose ruajtje elektronike nuk \u00ebsht\u00eb plot\u00ebsisht e sigurt.<\/p>\n<p data-start=\"5620\" data-end=\"5767\"><strong data-start=\"5620\" data-end=\"5645\">5. Ndaja e t\u00eb Dh\u00ebnave<\/strong><br data-start=\"5645\" data-end=\"5648\" \/>Ne nuk shesim, tregtojm\u00eb apo japim me qira t\u00eb dh\u00ebnat tuaja personale. Megjithat\u00eb, mund t\u00eb ndajm\u00eb informacionin tuaj me:<\/p>\n<ul data-start=\"5768\" data-end=\"6211\">\n<li data-start=\"5768\" data-end=\"6011\">\n<p data-start=\"5770\" data-end=\"6011\"><strong data-start=\"5770\" data-end=\"5798\">Pajtimtar\u00eb t\u00eb Sh\u00ebrbimeve<\/strong>: Mund t\u00eb ndajm\u00eb t\u00eb dh\u00ebnat tuaja me ofrues t\u00eb tret\u00eb q\u00eb na ndihmojn\u00eb t\u00eb operojm\u00eb faqen ton\u00eb, t\u00eb kryejm\u00eb aktivitetet tona ose t\u00eb sh\u00ebrbejm\u00eb juve, p\u00ebr sa koh\u00eb ata bien dakord t\u00eb mbajn\u00eb k\u00ebto informacione konfidenciale.<\/p>\n<\/li>\n<li data-start=\"6012\" data-end=\"6211\">\n<p data-start=\"6014\" data-end=\"6211\"><strong data-start=\"6014\" data-end=\"6040\">Pajtueshm\u00ebri me Ligjin<\/strong>: N\u00ebse k\u00ebrkohet nga ligji, mund t\u00eb zbulojm\u00eb t\u00eb dh\u00ebnat tuaja p\u00ebr t\u00eb p\u00ebrmbushur detyrimet ligjore, p\u00ebr t\u00eb mbrojtur t\u00eb drejtat tona ose p\u00ebr t\u00eb reaguar ndaj proceseve ligjore.<\/p>\n<\/li>\n<\/ul>\n<p data-start=\"6213\" data-end=\"6360\"><strong data-start=\"6213\" data-end=\"6250\">6. T\u00eb Drejtat dhe Zgjedhjet Tuaja<\/strong><br data-start=\"6250\" data-end=\"6253\" \/>N\u00eb var\u00ebsi t\u00eb vendndodhjes suaj, mund t\u00eb keni t\u00eb drejtat e m\u00ebposhtme n\u00eb lidhje me t\u00eb dh\u00ebnat tuaja personale:<\/p>\n<ul data-start=\"6361\" data-end=\"6777\">\n<li data-start=\"6361\" data-end=\"6449\">\n<p data-start=\"6363\" data-end=\"6449\"><strong data-start=\"6363\" data-end=\"6387\">T\u00eb Drejt\u00ebn p\u00ebr Akses<\/strong>: Mund t\u00eb k\u00ebrkoni nj\u00eb kopje t\u00eb informacionit q\u00eb mbajm\u00eb p\u00ebr ju.<\/p>\n<\/li>\n<li data-start=\"6450\" data-end=\"6557\">\n<p data-start=\"6452\" data-end=\"6557\"><strong data-start=\"6452\" data-end=\"6480\">T\u00eb Drejt\u00ebn p\u00ebr Korrigjim<\/strong>: Mund t\u00eb k\u00ebrkoni korrigjimin e t\u00eb dh\u00ebnave q\u00eb jan\u00eb t\u00eb pasakta ose t\u00eb paplota.<\/p>\n<\/li>\n<li data-start=\"6558\" data-end=\"6644\">\n<p data-start=\"6560\" data-end=\"6644\"><strong data-start=\"6560\" data-end=\"6586\">T\u00eb Drejt\u00ebn p\u00ebr Fshirje<\/strong>: Mund t\u00eb k\u00ebrkoni q\u00eb t\u00eb fshijm\u00eb t\u00eb dh\u00ebnat tuaja personale.<\/p>\n<\/li>\n<li data-start=\"6645\" data-end=\"6777\">\n<p data-start=\"6647\" data-end=\"6777\"><strong data-start=\"6647\" data-end=\"6677\">T\u00eb Drejt\u00ebn p\u00ebr Kund\u00ebrshtim<\/strong>: Mund t\u00eb kund\u00ebrshtoni p\u00ebrpunimin e t\u00eb dh\u00ebnave tuaja n\u00eb disa rrethana, p\u00ebrfshir\u00eb marketingun direkt.<\/p>\n<\/li>\n<\/ul>\n<p data-start=\"6779\" data-end=\"6855\">P\u00ebr t\u00eb ushtruar cil\u00ebndo nga k\u00ebto t\u00eb drejta, ju lutemi kontaktoni n\u00eb [email].<\/p>\n<p data-start=\"6857\" data-end=\"7106\"><strong data-start=\"6857\" data-end=\"6884\">7. Ruajtja e t\u00eb Dh\u00ebnave<\/strong><br data-start=\"6884\" data-end=\"6887\" \/>Ne do t\u00eb mbajm\u00eb t\u00eb dh\u00ebnat tuaja personale p\u00ebr aq koh\u00eb sa \u00ebsht\u00eb e nevojshme p\u00ebr t\u00eb p\u00ebrmbushur q\u00ebllimet e p\u00ebrcaktuara n\u00eb k\u00ebt\u00eb politik\u00eb, p\u00ebrve\u00e7 n\u00ebse nj\u00eb periudh\u00eb m\u00eb e gjat\u00eb ruajtjeje \u00ebsht\u00eb e k\u00ebrkuar ose e lejuar nga ligji.<\/p>\n<p data-start=\"7108\" data-end=\"7382\"><strong data-start=\"7108\" data-end=\"7154\">8. P\u00ebrdit\u00ebsimet e Politikes s\u00eb Privat\u00ebsis\u00eb<\/strong><br data-start=\"7154\" data-end=\"7157\" \/>Ne mund ta p\u00ebrdit\u00ebsojm\u00eb politik\u00ebn e privat\u00ebsis\u00eb nga koha n\u00eb koh\u00eb. Ne do t&#8217;ju njoftojm\u00eb p\u00ebr \u00e7do ndryshim duke postuar politik\u00ebn e re n\u00eb faqen ton\u00eb t\u00eb internetit. Ju lutemi rishikoni k\u00ebt\u00eb politik\u00eb periodikisht p\u00ebr \u00e7do ndryshim.<\/p>\n<p data-start=\"7384\" data-end=\"7542\"><strong data-start=\"7384\" data-end=\"7404\">9. Na Kontaktoni<\/strong><br data-start=\"7404\" data-end=\"7407\" \/>N\u00ebse keni pyetje n\u00eb lidhje me k\u00ebt\u00eb Politik\u00eb t\u00eb Privat\u00ebsis\u00eb ose d\u00ebshironi t\u00eb ushtroni t\u00eb drejtat tuaja, ju lutemi kontaktoni n\u00eb info@manjanidental.com.<\/p>\n<p>[\/vc_column_text][\/vc_column][\/vc_row]<\/p>\n","protected":false},"excerpt":{"rendered":"<p>[vc_row][vc_column][vc_column_text] 1. HyrjeN\u00eb Manjani Dental, ne e vler\u00ebsojm\u00eb privat\u00ebsin\u00eb tuaj. Ky dokument p\u00ebrshkruan si mbledhim, p\u00ebrdorim, zbulojm\u00eb dhe mbrojm\u00eb t\u00eb dh\u00ebnat tuaja personale kur vizitoni faqen ton\u00eb t\u00eb internetit ose p\u00ebrdorni sh\u00ebrbimet tona. Ju lutemi lexoni me kujdes k\u00ebt\u00eb politik\u00eb p\u00ebr t\u00eb kuptuar se si trajtojm\u00eb t\u00eb dh\u00ebnat tuaja. 2. Informacionet q\u00eb Ne MbledhimNe mbledhim [&hellip;]<\/p>\n","protected":false},"author":4,"featured_media":0,"parent":0,"menu_order":0,"comment_status":"closed","ping_status":"closed","template":"","meta":{"footnotes":""},"class_list":["post-16045","page","type-page","status-publish","hentry"],"_links":{"self":[{"href":"https:\/\/manjanidental.com\/sq\/wp-json\/wp\/v2\/pages\/16045\/"}],"collection":[{"href":"https:\/\/manjanidental.com\/sq\/wp-json\/wp\/v2\/pages\/"}],"about":[{"href":"https:\/\/manjanidental.com\/sq\/wp-json\/wp\/v2\/types\/page\/"}],"author":[{"embeddable":true,"href":"https:\/\/manjanidental.com\/sq\/wp-json\/wp\/v2\/users\/4\/"}],"replies":[{"embeddable":true,"href":"https:\/\/manjanidental.com\/sq\/wp-json\/wp\/v2\/comments\/?post=16045"}],"version-history":[{"count":2,"href":"https:\/\/manjanidental.com\/sq\/wp-json\/wp\/v2\/pages\/16045\/revisions\/"}],"predecessor-version":[{"id":16053,"href":"https:\/\/manjanidental.com\/sq\/wp-json\/wp\/v2\/pages\/16045\/revisions\/16053\/"}],"wp:attachment":[{"href":"https:\/\/manjanidental.com\/sq\/wp-json\/wp\/v2\/media\/?parent=16045"}],"curies":[{"name":"wp","href":"https:\/\/api.w.org\/{rel}","templated":true}]}}